{"id":1110,"date":"2020-01-21T14:25:03","date_gmt":"2020-01-21T13:25:03","guid":{"rendered":"https:\/\/moomas.es\/?page_id=1110"},"modified":"2026-02-22T18:56:41","modified_gmt":"2026-02-22T17:56:41","slug":"quienes-somos","status":"publish","type":"page","link":"https:\/\/moomas.es\/es\/quienes-somos\/","title":{"rendered":"Sobre nosotras"},"content":{"rendered":"\t\t<div data-elementor-type=\"wp-page\" data-elementor-id=\"1110\" class=\"elementor elementor-1110 elementor-304\" data-elementor-post-type=\"page\">\n\t\t\t\t<div class=\"elementor-element elementor-element-47fd678 e-flex e-con-boxed parallax_section_no qode_elementor_container_no e-con e-parent\" data-id=\"47fd678\" data-element_type=\"container\" data-e-type=\"container\">\n\t\t\t\t\t<div class=\"e-con-inner\">\n\t\t<div class=\"elementor-element elementor-element-ac72424 e-con-full e-flex parallax_section_no qode_elementor_container_no e-con e-child\" data-id=\"ac72424\" data-element_type=\"container\" data-e-type=\"container\">\n\t\t\t\t<div class=\"elementor-element elementor-element-e612a99 elementor-widget elementor-widget-heading\" data-id=\"e612a99\" data-element_type=\"widget\" data-e-type=\"widget\" data-widget_type=\"heading.default\">\n\t\t\t\t\t<h1 class=\"elementor-heading-title elementor-size-default\">Qui\u00e9nes somos<\/h1>\t\t\t\t<\/div>\n\t\t\t\t<div class=\"elementor-element elementor-element-1cc6657 elementor-widget elementor-widget-text-editor\" data-id=\"1cc6657\" data-element_type=\"widget\" data-e-type=\"widget\" data-widget_type=\"text-editor.default\">\n\t\t\t\t\t\t\t\t\t<p><span style=\"font-weight: 400;\">MOOMAS nace con el prop\u00f3sito de acompa\u00f1ar a la mujer y a la familia en el periodo vital que engloba los procesos de fertilidad, embarazo, posparto y lactancia.<\/span><\/p><p><span style=\"font-weight: 400;\">Entendemos la maternidad y la crianza como procesos multidimensionales que a menudo requieren una gran capacidad de adaptaci\u00f3n por parte de la madre, de la familia y del entorno. En este contexto de alta exigencia emocional, la protecci\u00f3n de la salud f\u00edsica y ps\u00edquica de la mujer se convierte en nuestra prioridad principal.<\/span><\/p><p><span style=\"font-weight: 400;\">Disponemos de un equipo multidisciplinar formado por dos consultoras de lactancia, una consultora del sue\u00f1o, una enfermera neonatal, una psic\u00f3loga y una psiquiatra perinatal, y una fisioterapeuta-oste\u00f3pata neonatal. Todo el equipo trabajamos coordinadas para asegurar una atenci\u00f3n integral que contemple la esfera biopsicosocial de cada mujer, beb\u00e9 y familia.<\/span><\/p><p><span style=\"font-weight: 400;\">Garantizamos una pr\u00e1ctica cl\u00ednica de calidad, basada en la evidencia cient\u00edfica y la experiencia profesional, as\u00ed como un trato respetuoso, cercano y c\u00e1lido.<\/span><\/p><p><span style=\"font-weight: 400;\">Confiamos en que MOOMAS sea un espacio seguro donde se sientan informadas sobre las diversidades de la lactancia y la crianza, y donde puedan conectar de forma consciente con la maternidad que m\u00e1s deseen. Tambi\u00e9n esperamos que en nosotras encuentren una comunidad donde compartir aquello que les c<\/span><span style=\"font-weight: 400;\">onmueve, <\/span><span style=\"font-weight: 400;\">que les preocupa y que les emociona, en la transformaci\u00f3n vital que a menudo conlleva el camino de la maternidad. <\/span> <\/p><p><br><br><\/p>\t\t\t\t\t\t\t\t<\/div>\n\t\t\t\t<\/div>\n\t\t<div class=\"elementor-element elementor-element-15432a5 e-con-full e-flex parallax_section_no qode_elementor_container_no e-con e-child\" data-id=\"15432a5\" data-element_type=\"container\" data-e-type=\"container\">\n\t\t\t\t<div class=\"elementor-element elementor-element-c9bb5a7 elementor-widget elementor-widget-image\" data-id=\"c9bb5a7\" data-element_type=\"widget\" data-e-type=\"widget\" data-widget_type=\"image.default\">\n\t\t\t\t\t\t\t\t\t\t\t\t\t\t\t<img fetchpriority=\"high\" decoding=\"async\" width=\"1024\" height=\"682\" src=\"https:\/\/moomas.es\/wp-content\/uploads\/2026\/02\/equip-1024x682.jpg\" class=\"attachment-large size-large wp-image-1109\" alt=\"\" srcset=\"https:\/\/moomas.es\/wp-content\/uploads\/2026\/02\/equip-1024x682.jpg 1024w, https:\/\/moomas.es\/wp-content\/uploads\/2026\/02\/equip-300x200.jpg 300w, https:\/\/moomas.es\/wp-content\/uploads\/2026\/02\/equip-768x511.jpg 768w, https:\/\/moomas.es\/wp-content\/uploads\/2026\/02\/equip-700x466.jpg 700w, https:\/\/moomas.es\/wp-content\/uploads\/2026\/02\/equip.jpg 1200w\" sizes=\"(max-width: 1024px) 100vw, 1024px\" \/>\t\t\t\t\t\t\t\t\t\t\t\t\t\t\t<\/div>\n\t\t\t\t<\/div>\n\t\t\t\t\t<\/div>\n\t\t\t\t<\/div>\n\t\t<div class=\"elementor-element elementor-element-4850179 e-flex e-con-boxed parallax_section_no qode_elementor_container_no e-con e-parent\" data-id=\"4850179\" data-element_type=\"container\" data-e-type=\"container\">\n\t\t\t\t\t<div class=\"e-con-inner\">\n\t\t<div class=\"elementor-element elementor-element-f428300 e-con-full e-flex parallax_section_no qode_elementor_container_no e-con e-child\" data-id=\"f428300\" data-element_type=\"container\" data-e-type=\"container\">\n\t\t\t\t<div class=\"elementor-element elementor-element-14d47696 elementor-widget__width-inherit elementor-widget elementor-widget-bridge_team\" data-id=\"14d47696\" data-element_type=\"widget\" data-e-type=\"widget\" data-widget_type=\"bridge_team.default\">\n\t\t\t\t<div class=\"elementor-widget-container\">\n\t\t\t\t\t<div class='q_team info_description_below_image'><div class='q_team_inner'><div class='q_team_image'><div class='q_team_image_holder'><img decoding=\"async\" itemprop=\"image\" src=\"https:\/\/moomas.es\/wp-content\/uploads\/2026\/02\/MOOMAS_Mire_02.jpg\" alt=\"MOOMAS_Mire_02\" \/><\/div><div class='q_team_text' ><div class='q_team_text_inner'><div class='q_team_title_holder'><h3 class=\"q_team_name\" >Mireia Pascual<\/h3><span >Enfermera neonatal (Col. 55709) <br> Consultora Internacional de Lactancia (IBCLC L-313651) <br> PhD Universidad de Barcelona<\/span><\/div><\/div><\/div><div class='q_team_social_holder'><\/div><\/div><\/div><\/div>\t\t\t\t<\/div>\n\t\t\t\t<\/div>\n\t\t\t\t<\/div>\n\t\t<div class=\"elementor-element elementor-element-c4589e4 e-con-full e-flex parallax_section_no qode_elementor_container_no e-con e-child\" data-id=\"c4589e4\" data-element_type=\"container\" data-e-type=\"container\">\n\t\t\t\t<div class=\"elementor-element elementor-element-62b7c40f elementor-widget elementor-widget-bridge_team\" data-id=\"62b7c40f\" data-element_type=\"widget\" data-e-type=\"widget\" data-widget_type=\"bridge_team.default\">\n\t\t\t\t<div class=\"elementor-widget-container\">\n\t\t\t\t\t<div class='q_team info_description_below_image'><div class='q_team_inner'><div class='q_team_image'><div class='q_team_image_holder'><img decoding=\"async\" itemprop=\"image\" src=\"https:\/\/moomas.es\/wp-content\/uploads\/2026\/02\/MOOMAS_Alicia.jpg\" alt=\"MOOMAS_Alicia\" \/><\/div><div class='q_team_text' ><div class='q_team_text_inner'><div class='q_team_title_holder'><h3 class=\"q_team_name\" >Alicia Herrero<\/h3><span >Enfermera neonatal (Col. 98.975) <br> Consultora Internacional de Lactancia (IBCLC L - 318183)<\/span><\/div><\/div><\/div><div class='q_team_social_holder'><\/div><\/div><\/div><\/div>\t\t\t\t<\/div>\n\t\t\t\t<\/div>\n\t\t\t\t<\/div>\n\t\t<div class=\"elementor-element elementor-element-88e12b8 e-con-full e-flex parallax_section_no qode_elementor_container_no e-con e-child\" data-id=\"88e12b8\" data-element_type=\"container\" data-e-type=\"container\">\n\t\t\t\t<div class=\"elementor-element elementor-element-439bdce8 elementor-widget elementor-widget-bridge_team\" data-id=\"439bdce8\" data-element_type=\"widget\" data-e-type=\"widget\" data-widget_type=\"bridge_team.default\">\n\t\t\t\t<div class=\"elementor-widget-container\">\n\t\t\t\t\t<div class='q_team info_description_below_image'><div class='q_team_inner'><div class='q_team_image'><div class='q_team_image_holder'><img decoding=\"async\" itemprop=\"image\" src=\"https:\/\/moomas.es\/wp-content\/uploads\/2026\/02\/MOOMAS_Nadia_01.jpg\" alt=\"MOOMAS_Nadia_01\" \/><\/div><div class='q_team_text' ><div class='q_team_text_inner'><div class='q_team_title_holder'><h3 class=\"q_team_name\" >Nadia Rojas<\/h3><span >Enfermera cl\u00ednica (Col. 63013)<\/span><\/div><\/div><\/div><div class='q_team_social_holder'><\/div><\/div><\/div><\/div>\t\t\t\t<\/div>\n\t\t\t\t<\/div>\n\t\t\t\t<\/div>\n\t\t<div class=\"elementor-element elementor-element-ea1c355 e-con-full e-flex parallax_section_no qode_elementor_container_no e-con e-child\" data-id=\"ea1c355\" data-element_type=\"container\" data-e-type=\"container\">\n\t\t\t\t<div class=\"elementor-element elementor-element-bb17cf7 elementor-widget elementor-widget-bridge_team\" data-id=\"bb17cf7\" data-element_type=\"widget\" data-e-type=\"widget\" data-widget_type=\"bridge_team.default\">\n\t\t\t\t<div class=\"elementor-widget-container\">\n\t\t\t\t\t<div class='q_team info_description_below_image'><div class='q_team_inner'><div class='q_team_image'><div class='q_team_image_holder'><img decoding=\"async\" itemprop=\"image\" src=\"https:\/\/moomas.es\/wp-content\/uploads\/2026\/02\/MOOMAS_Andrea_01.jpg\" alt=\"MOOMAS_Andrea_01\" \/><\/div><div class='q_team_text' ><div class='q_team_text_inner'><div class='q_team_title_holder'><h3 class=\"q_team_name\" >Andrea Mart\u00edn<\/h3><span >Fisioterapeuta (Col. 4486)<\/span><\/div><\/div><\/div><div class='q_team_social_holder'><\/div><\/div><\/div><\/div>\t\t\t\t<\/div>\n\t\t\t\t<\/div>\n\t\t\t\t<\/div>\n\t\t\t\t\t<\/div>\n\t\t\t\t<\/div>\n\t\t<div class=\"elementor-element elementor-element-901da95 e-flex e-con-boxed parallax_section_no qode_elementor_container_no e-con e-parent\" data-id=\"901da95\" data-element_type=\"container\" data-e-type=\"container\">\n\t\t\t\t\t<div class=\"e-con-inner\">\n\t\t<div class=\"elementor-element elementor-element-238be16 e-con-full e-flex parallax_section_no qode_elementor_container_no e-con e-child\" data-id=\"238be16\" data-element_type=\"container\" data-e-type=\"container\">\n\t\t\t\t<div class=\"elementor-element elementor-element-17866634 elementor-widget elementor-widget-bridge_team\" data-id=\"17866634\" data-element_type=\"widget\" data-e-type=\"widget\" data-widget_type=\"bridge_team.default\">\n\t\t\t\t<div class=\"elementor-widget-container\">\n\t\t\t\t\t<div class='q_team info_description_below_image'><div class='q_team_inner'><div class='q_team_image'><div class='q_team_image_holder'><img decoding=\"async\" itemprop=\"image\" src=\"https:\/\/moomas.es\/wp-content\/uploads\/2026\/02\/MOOMAS_Helena_02.jpg\" alt=\"MOOMAS_Helena_02\" \/><\/div><div class='q_team_text' ><div class='q_team_text_inner'><div class='q_team_title_holder'><h3 class=\"q_team_name\" >Helena Mart\u00ed <\/h3><span >Enfermera neonatal (Col. 08-060431) <\/span><\/div><\/div><\/div><div class='q_team_social_holder'><\/div><\/div><\/div><\/div>\t\t\t\t<\/div>\n\t\t\t\t<\/div>\n\t\t\t\t<\/div>\n\t\t<div class=\"elementor-element elementor-element-ac8ca15 e-con-full e-flex parallax_section_no qode_elementor_container_no e-con e-child\" data-id=\"ac8ca15\" data-element_type=\"container\" data-e-type=\"container\">\n\t\t\t\t<div class=\"elementor-element elementor-element-3afa0805 elementor-widget elementor-widget-bridge_team\" data-id=\"3afa0805\" data-element_type=\"widget\" data-e-type=\"widget\" data-widget_type=\"bridge_team.default\">\n\t\t\t\t<div class=\"elementor-widget-container\">\n\t\t\t\t\t<div class='q_team info_description_below_image'><div class='q_team_inner'><div class='q_team_image'><div class='q_team_image_holder'><img decoding=\"async\" itemprop=\"image\" src=\"https:\/\/moomas.es\/wp-content\/uploads\/2026\/02\/MOOMAS_Marta_01.jpg\" alt=\"MOOMAS_Marta_01\" \/><\/div><div class='q_team_text' ><div class='q_team_text_inner'><div class='q_team_title_holder'><h3 class=\"q_team_name\" >Marta Garc\u00eda<\/h3><span >Psic\u00f3loga General Sanitaria (Col. 25818)<\/span><\/div><\/div><\/div><div class='q_team_social_holder'><\/div><\/div><\/div><\/div>\t\t\t\t<\/div>\n\t\t\t\t<\/div>\n\t\t\t\t<\/div>\n\t\t<div class=\"elementor-element elementor-element-82e9ff7 e-con-full e-flex parallax_section_no qode_elementor_container_no e-con e-child\" data-id=\"82e9ff7\" data-element_type=\"container\" data-e-type=\"container\">\n\t\t\t\t<div class=\"elementor-element elementor-element-e806ad elementor-widget elementor-widget-bridge_team\" data-id=\"e806ad\" data-element_type=\"widget\" data-e-type=\"widget\" data-widget_type=\"bridge_team.default\">\n\t\t\t\t<div class=\"elementor-widget-container\">\n\t\t\t\t\t<div class='q_team info_description_below_image'><div class='q_team_inner'><div class='q_team_image'><div class='q_team_image_holder'><img decoding=\"async\" itemprop=\"image\" src=\"https:\/\/moomas.es\/wp-content\/uploads\/2026\/02\/MOOMAS_Blanca_02.jpg\" alt=\"MOOMAS_Blanca_02\" \/><\/div><div class='q_team_text' ><div class='q_team_text_inner'><div class='q_team_title_holder'><h3 class=\"q_team_name\" >Blanca del Hoyo<\/h3><span >Psiquiatra perinatal (Col. 53646)<\/span><\/div><\/div><\/div><div class='q_team_social_holder'><\/div><\/div><\/div><\/div>\t\t\t\t<\/div>\n\t\t\t\t<\/div>\n\t\t\t\t<\/div>\n\t\t\t\t\t<\/div>\n\t\t\t\t<\/div>\n\t\t\t\t<\/div>\n\t\t","protected":false},"excerpt":{"rendered":"<p>Qui\u00e9nes somos MOOMAS nace con el prop\u00f3sito de acompa\u00f1ar a la mujer y a la familia en el periodo vital que engloba los procesos de fertilidad, embarazo, posparto y lactancia. Entendemos la maternidad y la crianza como procesos multidimensionales que a menudo requieren una gran&#8230;<\/p>\n","protected":false},"author":1,"featured_media":0,"parent":0,"menu_order":0,"comment_status":"closed","ping_status":"closed","template":"full_width.php","meta":{"_joinchat":[],"footnotes":""},"class_list":["post-1110","page","type-page","status-publish","hentry"],"_links":{"self":[{"href":"https:\/\/moomas.es\/es\/wp-json\/wp\/v2\/pages\/1110","targetHints":{"allow":["GET"]}}],"collection":[{"href":"https:\/\/moomas.es\/es\/wp-json\/wp\/v2\/pages"}],"about":[{"href":"https:\/\/moomas.es\/es\/wp-json\/wp\/v2\/types\/page"}],"author":[{"embeddable":true,"href":"https:\/\/moomas.es\/es\/wp-json\/wp\/v2\/users\/1"}],"replies":[{"embeddable":true,"href":"https:\/\/moomas.es\/es\/wp-json\/wp\/v2\/comments?post=1110"}],"version-history":[{"count":4,"href":"https:\/\/moomas.es\/es\/wp-json\/wp\/v2\/pages\/1110\/revisions"}],"predecessor-version":[{"id":1301,"href":"https:\/\/moomas.es\/es\/wp-json\/wp\/v2\/pages\/1110\/revisions\/1301"}],"wp:attachment":[{"href":"https:\/\/moomas.es\/es\/wp-json\/wp\/v2\/media?parent=1110"}],"curies":[{"name":"wp","href":"https:\/\/api.w.org\/{rel}","templated":true}]}}