{"id":1130,"date":"2026-02-09T17:49:46","date_gmt":"2026-02-09T16:49:46","guid":{"rendered":"https:\/\/moomas.es\/politica-de-privacidad\/"},"modified":"2026-02-21T14:41:54","modified_gmt":"2026-02-21T13:41:54","slug":"politica-de-privacidad","status":"publish","type":"page","link":"https:\/\/moomas.es\/es\/politica-de-privacidad\/","title":{"rendered":"Pol\u00edtica de Privacidad"},"content":{"rendered":"\t\t<div data-elementor-type=\"wp-page\" data-elementor-id=\"1130\" class=\"elementor elementor-1130 elementor-873\" data-elementor-post-type=\"page\">\n\t\t\t\t<div class=\"elementor-element elementor-element-6a59ccc e-flex e-con-boxed parallax_section_no qode_elementor_container_no e-con e-parent\" data-id=\"6a59ccc\" data-element_type=\"container\" data-e-type=\"container\">\n\t\t\t\t\t<div class=\"e-con-inner\">\n\t\t\t\t<div class=\"elementor-element elementor-element-c58740a elementor-widget elementor-widget-text-editor\" data-id=\"c58740a\" data-element_type=\"widget\" data-e-type=\"widget\" data-widget_type=\"text-editor.default\">\n\t\t\t\t\t\t\t\t\t<h3>1. Informaci\u00f3n al usuario<\/h3><p>En cumplimiento del Reglamento (UE) 2016\/679 del Parlamento Europeo y del Consejo, de 27 de abril de 2016 (RGPD), y de la Ley Org\u00e1nica 3\/2018, de 5 de diciembre (LOPDGDD), se informa al usuario de este sitio web sobre el tratamiento de sus datos personales.<\/p><h4> <\/h4><h4><strong>Responsable del tratamiento:<\/strong><\/h4><ul><li>Titular: Mireia Pascual i Tutusaus<\/li><li>NIF: 47872004B<\/li><li>Domicilio social: Roger de Ll\u00faria 110, entresuelo 6A<\/li><li>Correo: info@moomas.es<\/li><\/ul><h3> <\/h3><h3>2. Datos personales que se recogen<\/h3><p>Este sitio web puede recoger los siguientes datos personales:<\/p><ul><li>Gestionar consultas o solicitudes realizadas a trav\u00e9s de los formularios de contacto.<\/li><li>Enviar comunicaciones relacionadas con los servicios ofrecidos, cuando exista consentimiento expreso.<\/li><li>Mejorar la experiencia de navegaci\u00f3n y el funcionamiento del sitio web.<\/li><li>Cumplir con las obligaciones legales aplicables.<\/li><\/ul><p>Los datos se recogen mediante formularios, correos electr\u00f3nicos de contacto o mediante cookies, cuando el usuario navega por el sitio web.<\/p><h3> <\/h3><h3>3. Finalidad del tratamiento<\/h3><p>Los datos personales del usuario se tratar\u00e1n con las siguientes finalidades:<\/p><ul><li>Gestionar consultas o solicitudes realizadas a trav\u00e9s de los formularios de contacto.<\/li><li>Enviar comunicaciones relacionadas con los servicios ofrecidos, cuando exista consentimiento expreso.<\/li><li>Mejorar la experiencia de navegaci\u00f3n y el funcionamiento del sitio web.<\/li><li>Cumplir con las obligaciones legales aplicables.<\/li><\/ul><h3> <\/h3><h3>4. Base legal del tratamiento<\/h3><p>El tratamiento de los datos se basa en:<\/p><ul><li>El consentimiento expreso del usuario.<\/li><li>La ejecuci\u00f3n de un contrato o la aplicaci\u00f3n de medidas precontractuales.<\/li><li>El cumplimiento de obligaciones legales.<\/li><li>El inter\u00e9s leg\u00edtimo del responsable, cuando sea aplicable.<\/li><\/ul><h3> <\/h3><h3>5. Conservaci\u00f3n de los datos<\/h3><p>Los datos personales se conservar\u00e1n durante el tiempo estrictamente necesario para cumplir la finalidad para la que fueron recogidos y, posteriormente, durante los plazos legalmente exigidos.<\/p><h3> <\/h3><h3>6. Destinatarios de los datos<\/h3><p>No se ceder\u00e1n datos a terceros, excepto obligaci\u00f3n legal o cuando sea necesario para la correcta prestaci\u00f3n del servicio (por ejemplo, proveedores de servicios tecnol\u00f3gicos), con los que se hayan suscrito los correspondientes contratos de encargo de tratamiento.<\/p><h3> <\/h3><h3>7. Derechos del usuario<\/h3><p>El usuario puede ejercer los siguientes derechos:<\/p><ul><li>Derecho de acceso a sus datos personales.<\/li><li>Derecho de rectificaci\u00f3n de los datos inexactos.<\/li><li>Derecho de supresi\u00f3n (derecho al olvido).<\/li><li>Derecho de oposici\u00f3n.<\/li><li>Derecho a la limitaci\u00f3n del tratamiento.<\/li><li>Derecho a la portabilidad de los datos.<\/li><\/ul><p>Para ejercer estos derechos, el usuario puede enviar una solicitud escrita, junto con una copia de su documento identificativo, al correo electr\u00f3nico indicado anteriormente.<\/p><p>Asimismo, el usuario tiene derecho a presentar una reclamaci\u00f3n ante la Agencia Espa\u00f1ola de Protecci\u00f3n de Datos (<a href=\"http:\/\/www.aepd.es\/\" target=\"_blank\" rel=\"noopener\">www.aepd.es<\/a>) si considera que el tratamiento no se ajusta a la normativa vigente.<\/p><h3> <\/h3><h3>8. Medidas de seguridad<\/h3><p>El responsable del tratamiento adopta las medidas t\u00e9cnicas y organizativas necesarias para garantizar la seguridad, integridad y confidencialidad de los datos personales, evitando su p\u00e9rdida, alteraci\u00f3n o acceso no autorizado.<\/p><h3> <\/h3><h3>9. Cookies<\/h3><p>Este sitio web utiliza cookies propias y\/o de terceros. El usuario puede consultar la informaci\u00f3n detallada en la <a href=\"https:\/\/moomas.es\/es\/politica-de-cookies-ue\/\"><strong>Pol\u00edtica de Cookies<\/strong><\/a>.<\/p><h3> <\/h3><h3>10. Cambios en la pol\u00edtica de privacidad<\/h3><p>El responsable se reserva el derecho a modificar esta pol\u00edtica de privacidad para adaptarla a novedades legislativas o jurisprudenciales. En estos casos, los cambios se anunciar\u00e1n en esta p\u00e1gina con una antelaci\u00f3n razonable.<\/p><p>\u00daltima actualizaci\u00f3n: 9 de febrero de 2026<\/p>\t\t\t\t\t\t\t\t<\/div>\n\t\t\t\t\t<\/div>\n\t\t\t\t<\/div>\n\t\t\t\t<\/div>\n\t\t","protected":false},"excerpt":{"rendered":"<p>1. Informaci\u00f3n al usuario En cumplimiento del Reglamento (UE) 2016\/679 del Parlamento Europeo y del Consejo, de 27 de abril de 2016 (RGPD), y de la Ley Org\u00e1nica 3\/2018, de 5 de diciembre (LOPDGDD), se informa al usuario de este sitio web sobre el tratamiento&#8230;<\/p>\n","protected":false},"author":1,"featured_media":0,"parent":0,"menu_order":0,"comment_status":"closed","ping_status":"closed","template":"","meta":{"_joinchat":[],"footnotes":""},"class_list":["post-1130","page","type-page","status-publish","hentry"],"_links":{"self":[{"href":"https:\/\/moomas.es\/es\/wp-json\/wp\/v2\/pages\/1130","targetHints":{"allow":["GET"]}}],"collection":[{"href":"https:\/\/moomas.es\/es\/wp-json\/wp\/v2\/pages"}],"about":[{"href":"https:\/\/moomas.es\/es\/wp-json\/wp\/v2\/types\/page"}],"author":[{"embeddable":true,"href":"https:\/\/moomas.es\/es\/wp-json\/wp\/v2\/users\/1"}],"replies":[{"embeddable":true,"href":"https:\/\/moomas.es\/es\/wp-json\/wp\/v2\/comments?post=1130"}],"version-history":[{"count":1,"href":"https:\/\/moomas.es\/es\/wp-json\/wp\/v2\/pages\/1130\/revisions"}],"predecessor-version":[{"id":1131,"href":"https:\/\/moomas.es\/es\/wp-json\/wp\/v2\/pages\/1130\/revisions\/1131"}],"wp:attachment":[{"href":"https:\/\/moomas.es\/es\/wp-json\/wp\/v2\/media?parent=1130"}],"curies":[{"name":"wp","href":"https:\/\/api.w.org\/{rel}","templated":true}]}}