{"id":1137,"date":"2026-02-01T17:03:54","date_gmt":"2026-02-01T16:03:54","guid":{"rendered":"https:\/\/moomas.es\/servicios\/"},"modified":"2026-02-21T14:43:46","modified_gmt":"2026-02-21T13:43:46","slug":"servicios","status":"publish","type":"page","link":"https:\/\/moomas.es\/es\/servicios\/","title":{"rendered":"Servicios"},"content":{"rendered":"\t\t<div data-elementor-type=\"wp-page\" data-elementor-id=\"1137\" class=\"elementor elementor-1137 elementor-550\" data-elementor-post-type=\"page\">\n\t\t\t\t<div class=\"elementor-element elementor-element-910b2c9 e-flex e-con-boxed parallax_section_no qode_elementor_container_no e-con e-parent\" data-id=\"910b2c9\" data-element_type=\"container\" data-e-type=\"container\">\n\t\t\t\t\t<div class=\"e-con-inner\">\n\t\t\t\t<div class=\"elementor-element elementor-element-62bbf87 elementor-widget elementor-widget-heading\" data-id=\"62bbf87\" data-element_type=\"widget\" data-e-type=\"widget\" data-widget_type=\"heading.default\">\n\t\t\t\t\t<h2 class=\"elementor-heading-title elementor-size-default\">Servicios<\/h2>\t\t\t\t<\/div>\n\t\t\t\t\t<\/div>\n\t\t\t\t<\/div>\n\t\t<div class=\"elementor-element elementor-element-280e8c2f e-flex e-con-boxed parallax_section_no qode_elementor_container_no e-con e-parent\" data-id=\"280e8c2f\" data-element_type=\"container\" data-e-type=\"container\">\n\t\t\t\t\t<div class=\"e-con-inner\">\n\t\t<div class=\"elementor-element elementor-element-32d2e86f e-con-full e-flex parallax_section_no qode_elementor_container_no e-con e-child\" data-id=\"32d2e86f\" data-element_type=\"container\" data-e-type=\"container\">\n\t\t\t\t<div class=\"elementor-element elementor-element-30422186 elementor-widget elementor-widget-image\" data-id=\"30422186\" data-element_type=\"widget\" data-e-type=\"widget\" data-widget_type=\"image.default\">\n\t\t\t\t\t\t\t\t\t\t\t\t\t\t\t<img fetchpriority=\"high\" decoding=\"async\" width=\"400\" height=\"260\" src=\"https:\/\/moomas.es\/wp-content\/uploads\/2026\/01\/LACTANCIA-400x260.png\" class=\"attachment-qode-carousel_slider size-qode-carousel_slider wp-image-1094\" alt=\"\" \/>\t\t\t\t\t\t\t\t\t\t\t\t\t\t\t<\/div>\n\t\t\t\t<div class=\"elementor-element elementor-element-72dd8712 elementor-widget elementor-widget-heading\" data-id=\"72dd8712\" data-element_type=\"widget\" data-e-type=\"widget\" data-widget_type=\"heading.default\">\n\t\t\t\t\t<h2 class=\"elementor-heading-title elementor-size-default\">Consultor\u00edas de Lactancia<\/h2>\t\t\t\t<\/div>\n\t\t\t\t<div class=\"elementor-element elementor-element-5e728470 elementor-widget elementor-widget-text-editor\" data-id=\"5e728470\" data-element_type=\"widget\" data-e-type=\"widget\" data-widget_type=\"text-editor.default\">\n\t\t\t\t\t\t\t\t\t<p><span style=\"font-weight: 400;\">Acompa\u00f1amiento de todas las lactancias (materna, mixta y artificial) <\/span><\/p><p><span style=\"font-weight: 400;\">\u2022 T\u00e9cnicas de lactancia <\/span><\/p><p><span style=\"font-weight: 400;\">\u2022 Dificultades y problemas en la lactancia <\/span><\/p><p><span style=\"font-weight: 400;\">\u2022 Dolor durante la toma <\/span><\/p><p><span style=\"font-weight: 400;\">\u2022 Estancamiento o ganancia insuficiente de peso del beb\u00e9 <\/span><\/p><p><span style=\"font-weight: 400;\">\u2022 Dificultades en la producci\u00f3n de leche <\/span><\/p><p><span style=\"font-weight: 400;\">\u2022 Inducci\u00f3n de la lactancia y relactaci\u00f3n <\/span><\/p><p><span style=\"font-weight: 400;\">\u2022 Valoraci\u00f3n de anquiloglosia y derivaci\u00f3n <\/span><\/p><p><span style=\"font-weight: 400;\">\u2022 Coordinaci\u00f3n y derivaci\u00f3n con fisioterapia <\/span><\/p><p><span style=\"font-weight: 400;\">\u2022 T\u00e9cnicas de suplementaci\u00f3n <\/span><\/p><p><span style=\"font-weight: 400;\">\u2022 Acompa\u00f1amiento en prematuridad <\/span><\/p><p><span style=\"font-weight: 400;\">\u2022 Incorporaci\u00f3n laboral <\/span><\/p><p><span style=\"font-weight: 400;\">\u2022 Destete respetuoso.<\/span><\/p>\t\t\t\t\t\t\t\t<\/div>\n\t\t\t\t<div class=\"elementor-element elementor-element-1cd07dd5 elementor-align-center elementor-widget elementor-widget-button\" data-id=\"1cd07dd5\" data-element_type=\"widget\" data-e-type=\"widget\" data-widget_type=\"button.default\">\n\t\t\t\t\t\t\t\t\t\t<a class=\"elementor-button elementor-button-link elementor-size-sm\" href=\"https:\/\/moomas.es\/es\/servicios\/consultorias-de-lactancia\/\">\n\t\t\t\t\t\t<span class=\"elementor-button-content-wrapper\">\n\t\t\t\t\t\t\t\t\t<span class=\"elementor-button-text\">M\u00e1s informaci\u00f3n<\/span>\n\t\t\t\t\t<\/span>\n\t\t\t\t\t<\/a>\n\t\t\t\t\t\t\t\t<\/div>\n\t\t\t\t<\/div>\n\t\t<div class=\"elementor-element elementor-element-1d498c6b e-con-full e-flex parallax_section_no qode_elementor_container_no e-con e-child\" data-id=\"1d498c6b\" data-element_type=\"container\" data-e-type=\"container\">\n\t\t\t\t<div class=\"elementor-element elementor-element-676f7778 elementor-widget elementor-widget-image\" data-id=\"676f7778\" data-element_type=\"widget\" data-e-type=\"widget\" data-widget_type=\"image.default\">\n\t\t\t\t\t\t\t\t\t\t\t\t\t\t\t<img decoding=\"async\" width=\"400\" height=\"260\" src=\"https:\/\/moomas.es\/wp-content\/uploads\/2026\/01\/SON-INFANTIL-400x260.png\" class=\"attachment-qode-carousel_slider size-qode-carousel_slider wp-image-1095\" alt=\"\" \/>\t\t\t\t\t\t\t\t\t\t\t\t\t\t\t<\/div>\n\t\t\t\t<div class=\"elementor-element elementor-element-536bb177 elementor-widget elementor-widget-heading\" data-id=\"536bb177\" data-element_type=\"widget\" data-e-type=\"widget\" data-widget_type=\"heading.default\">\n\t\t\t\t\t<h2 class=\"elementor-heading-title elementor-size-default\">Consultor\u00edas del Sue\u00f1o<\/h2>\t\t\t\t<\/div>\n\t\t\t\t<div class=\"elementor-element elementor-element-40c864bb elementor-widget elementor-widget-text-editor\" data-id=\"40c864bb\" data-element_type=\"widget\" data-e-type=\"widget\" data-widget_type=\"text-editor.default\">\n\t\t\t\t\t\t\t\t\t<p><span style=\"font-weight: 400;\">Acompa\u00f1amiento respetuoso de las dificultades del sue\u00f1o infantil <\/span><\/p><p><span style=\"font-weight: 400;\">\u2022 Crononutrici\u00f3n, rutinas, ambiente y v\u00ednculos <\/span><\/p><p><span style=\"font-weight: 400;\">\u2022 Acompa\u00f1amiento personalizado de las necesidades de la familia <\/span><\/p><p><span style=\"font-weight: 400;\">\u2022 Registro y seguimiento de sue\u00f1o <\/span><\/p><p><span style=\"font-weight: 400;\">\u2022 Acompa\u00f1amiento a familias con hijos e hijas neurot\u00edpicos y con neurodiversidad <\/span><\/p><p><span style=\"font-weight: 400;\">\u2022 Detecci\u00f3n de los trastornos del sue\u00f1o y derivaci\u00f3n a servicios especializados <\/span><\/p><p><span style=\"font-weight: 400;\">\u2022 Acompa\u00f1amiento del sue\u00f1o de la mujer durante el embarazo y durante la lactancia.<\/span><\/p>\t\t\t\t\t\t\t\t<\/div>\n\t\t\t\t<div class=\"elementor-element elementor-element-42b10e05 elementor-align-center elementor-widget elementor-widget-button\" data-id=\"42b10e05\" data-element_type=\"widget\" data-e-type=\"widget\" data-widget_type=\"button.default\">\n\t\t\t\t\t\t\t\t\t\t<a class=\"elementor-button elementor-button-link elementor-size-sm\" href=\"https:\/\/moomas.es\/es\/servicios\/consultorias-del-sueno\/\">\n\t\t\t\t\t\t<span class=\"elementor-button-content-wrapper\">\n\t\t\t\t\t\t\t\t\t<span class=\"elementor-button-text\">M\u00e1s informaci\u00f3n<\/span>\n\t\t\t\t\t<\/span>\n\t\t\t\t\t<\/a>\n\t\t\t\t\t\t\t\t<\/div>\n\t\t\t\t<\/div>\n\t\t<div class=\"elementor-element elementor-element-3d900e77 e-con-full e-flex parallax_section_no qode_elementor_container_no e-con e-child\" data-id=\"3d900e77\" data-element_type=\"container\" data-e-type=\"container\">\n\t\t\t\t<div class=\"elementor-element elementor-element-19bd6e6d elementor-widget elementor-widget-image\" data-id=\"19bd6e6d\" data-element_type=\"widget\" data-e-type=\"widget\" data-widget_type=\"image.default\">\n\t\t\t\t\t\t\t\t\t\t\t\t\t\t\t<img decoding=\"async\" width=\"400\" height=\"260\" src=\"https:\/\/moomas.es\/wp-content\/uploads\/2026\/01\/PSICO-I-PSIQUI-400x260.png\" class=\"attachment-qode-carousel_slider size-qode-carousel_slider wp-image-1096\" alt=\"\" \/>\t\t\t\t\t\t\t\t\t\t\t\t\t\t\t<\/div>\n\t\t\t\t<div class=\"elementor-element elementor-element-845a098 elementor-widget elementor-widget-heading\" data-id=\"845a098\" data-element_type=\"widget\" data-e-type=\"widget\" data-widget_type=\"heading.default\">\n\t\t\t\t\t<h2 class=\"elementor-heading-title elementor-size-default\">Psicolog\u00eda y Psiquiatr\u00eda<\/h2>\t\t\t\t<\/div>\n\t\t\t\t<div class=\"elementor-element elementor-element-454c8482 elementor-widget elementor-widget-text-editor\" data-id=\"454c8482\" data-element_type=\"widget\" data-e-type=\"widget\" data-widget_type=\"text-editor.default\">\n\t\t\t\t\t\t\t\t\t<p><span style=\"font-weight: 400;\">Psicoterapia individual, de pareja y familiar <\/span><\/p><p><span style=\"font-weight: 400;\">\u2022 Acompa\u00f1amiento psicoterap\u00e9utico durante la b\u00fasqueda de embarazo, gestaci\u00f3n y postparto <\/span><\/p><p><span style=\"font-weight: 400;\">\u2022 Atenci\u00f3n al duelo perinatal <\/span><\/p><p><span style=\"font-weight: 400;\">\u2022 Valoraci\u00f3n del neurodesarrollo neonatal e infantil <\/span><\/p><p><span style=\"font-weight: 400;\">\u2022 Acompa\u00f1amiento del neurodesarrollo de los beb\u00e9s de riesgo, prematuros o beb\u00e9s con otras patolog\u00edas <\/span><\/p><p><span style=\"font-weight: 400;\">\u2022 Diagn\u00f3stico, tratamiento y seguimiento de los trastornos de salud mental perinatal <\/span><\/p><p><span style=\"font-weight: 400;\">\u2022 Coordinaci\u00f3n y derivaci\u00f3n con servicios p\u00fablicos especializados de salud mental perinatal.<\/span><\/p>\t\t\t\t\t\t\t\t<\/div>\n\t\t\t\t<div class=\"elementor-element elementor-element-7e214cbf elementor-align-center elementor-widget elementor-widget-button\" data-id=\"7e214cbf\" data-element_type=\"widget\" data-e-type=\"widget\" data-widget_type=\"button.default\">\n\t\t\t\t\t\t\t\t\t\t<a class=\"elementor-button elementor-button-link elementor-size-sm\" href=\"https:\/\/moomas.es\/es\/servicios\/psicologia-y-psiquiatria\/\">\n\t\t\t\t\t\t<span class=\"elementor-button-content-wrapper\">\n\t\t\t\t\t\t\t\t\t<span class=\"elementor-button-text\">M\u00e1s informaci\u00f3n<\/span>\n\t\t\t\t\t<\/span>\n\t\t\t\t\t<\/a>\n\t\t\t\t\t\t\t\t<\/div>\n\t\t\t\t<\/div>\n\t\t<div class=\"elementor-element elementor-element-2d61e551 e-con-full e-flex parallax_section_no qode_elementor_container_no e-con e-child\" data-id=\"2d61e551\" data-element_type=\"container\" data-e-type=\"container\">\n\t\t\t\t<\/div>\n\t\t<div class=\"elementor-element elementor-element-c16e729 e-con-full e-flex parallax_section_no qode_elementor_container_no e-con e-child\" data-id=\"c16e729\" data-element_type=\"container\" data-e-type=\"container\">\n\t\t\t\t<div class=\"elementor-element elementor-element-1ec23116 elementor-widget elementor-widget-image\" data-id=\"1ec23116\" data-element_type=\"widget\" data-e-type=\"widget\" data-widget_type=\"image.default\">\n\t\t\t\t\t\t\t\t\t\t\t\t\t\t\t<img loading=\"lazy\" decoding=\"async\" width=\"400\" height=\"260\" src=\"https:\/\/moomas.es\/wp-content\/uploads\/2026\/01\/INFERMERIA-PEDI-400x260.png\" class=\"attachment-qode-carousel_slider size-qode-carousel_slider wp-image-1097\" alt=\"\" \/>\t\t\t\t\t\t\t\t\t\t\t\t\t\t\t<\/div>\n\t\t\t\t<div class=\"elementor-element elementor-element-256b43fe elementor-widget elementor-widget-heading\" data-id=\"256b43fe\" data-element_type=\"widget\" data-e-type=\"widget\" data-widget_type=\"heading.default\">\n\t\t\t\t\t<h2 class=\"elementor-heading-title elementor-size-default\">Enfermer\u00eda Pedi\u00e1trica<\/h2>\t\t\t\t<\/div>\n\t\t\t\t<div class=\"elementor-element elementor-element-5aac7091 elementor-widget elementor-widget-text-editor\" data-id=\"5aac7091\" data-element_type=\"widget\" data-e-type=\"widget\" data-widget_type=\"text-editor.default\">\n\t\t\t\t\t\t\t\t\t<p><span style=\"font-weight: 400;\">Asesoramiento pr\u00e1ctico para la llegada del beb\u00e9 <\/span><\/p><p><span style=\"font-weight: 400;\">\u2022 Acompa\u00f1amiento en los cuidados del beb\u00e9 a domicilio <\/span><\/p><p><span style=\"font-weight: 400;\">\u2022 Apoyo a la lactancia y a los cuidados del beb\u00e9 en familias con necesidades especiales, prematuridad o enfermedad <\/span><\/p><p><span style=\"font-weight: 400;\">\u2022 T\u00e9cnicas de suplementaci\u00f3n y relactaci\u00f3n <\/span><\/p><p><span style=\"font-weight: 400;\">\u2022 Detecci\u00f3n y manejo de los c\u00f3licos del lactante, la intolerancia a la prote\u00edna de la leche de vaca y el reflujo gastroesof\u00e1gico <\/span><\/p><p><span style=\"font-weight: 400;\">\u2022 Detecci\u00f3n precoz y manejo de las situaciones de urgencia y emergencia pedi\u00e1trica <\/span><\/p><p><span style=\"font-weight: 400;\">\u2022 Alimentaci\u00f3n complementaria y Baby Led-Weaning <\/span><\/p><p><span style=\"font-weight: 400;\">\u2022 Acompa\u00f1amiento al ba\u00f1o terap\u00e9utico y al masaje infantil <\/span><\/p><p><span style=\"font-weight: 400;\">\u2022 Acompa\u00f1amiento de las familias que se encuentran en proceso de adaptaci\u00f3n.<\/span><\/p>\t\t\t\t\t\t\t\t<\/div>\n\t\t\t\t<div class=\"elementor-element elementor-element-8c9871e elementor-align-center elementor-widget elementor-widget-button\" data-id=\"8c9871e\" data-element_type=\"widget\" data-e-type=\"widget\" data-widget_type=\"button.default\">\n\t\t\t\t\t\t\t\t\t\t<a class=\"elementor-button elementor-button-link elementor-size-sm\" href=\"https:\/\/moomas.es\/es\/servicios\/enfermeria-pediatrica\/\">\n\t\t\t\t\t\t<span class=\"elementor-button-content-wrapper\">\n\t\t\t\t\t\t\t\t\t<span class=\"elementor-button-text\">M\u00e1s informaci\u00f3n<\/span>\n\t\t\t\t\t<\/span>\n\t\t\t\t\t<\/a>\n\t\t\t\t\t\t\t\t<\/div>\n\t\t\t\t<\/div>\n\t\t<div class=\"elementor-element elementor-element-38a1f9b7 e-con-full e-flex parallax_section_no qode_elementor_container_no e-con e-child\" data-id=\"38a1f9b7\" data-element_type=\"container\" data-e-type=\"container\">\n\t\t\t\t<div class=\"elementor-element elementor-element-5b3b4a15 elementor-widget elementor-widget-image\" data-id=\"5b3b4a15\" data-element_type=\"widget\" data-e-type=\"widget\" data-widget_type=\"image.default\">\n\t\t\t\t\t\t\t\t\t\t\t\t\t\t\t<img loading=\"lazy\" decoding=\"async\" width=\"400\" height=\"260\" src=\"https:\/\/moomas.es\/wp-content\/uploads\/2026\/01\/FISIO-infantil-400x260.png\" class=\"attachment-qode-carousel_slider size-qode-carousel_slider wp-image-1098\" alt=\"\" \/>\t\t\t\t\t\t\t\t\t\t\t\t\t\t\t<\/div>\n\t\t\t\t<div class=\"elementor-element elementor-element-5edb7b5c elementor-widget elementor-widget-heading\" data-id=\"5edb7b5c\" data-element_type=\"widget\" data-e-type=\"widget\" data-widget_type=\"heading.default\">\n\t\t\t\t\t<h2 class=\"elementor-heading-title elementor-size-default\">Fisioterapia infantil<\/h2>\t\t\t\t<\/div>\n\t\t\t\t<div class=\"elementor-element elementor-element-5b2182e1 elementor-widget elementor-widget-text-editor\" data-id=\"5b2182e1\" data-element_type=\"widget\" data-e-type=\"widget\" data-widget_type=\"text-editor.default\">\n\t\t\t\t\t\t\t\t\t<p>Valoraci\u00f3n funcional del beb\u00e9 durante la lactancia (materna, mixta y artificial)<\/p><p>\u2022 Detecci\u00f3n y tratamiento de las dificultades de succi\u00f3n, respiraci\u00f3n y degluci\u00f3n<\/p><p>\u2022 Detecci\u00f3n de las disfunciones orofaciales<\/p><p>\u2022 Detecci\u00f3n y tratamiento de tensiones musculoesquel\u00e9ticas del beb\u00e9 que pueden interferir en la lactancia<\/p><p>\u2022 Abordaje del dolor durante la lactancia desde una perspectiva funcional<\/p><p>\u2022 Fisioterapia para la madre<\/p><p>\u2022 Valoraci\u00f3n de anquiloglosia, coordinaci\u00f3n y derivaci\u00f3n con otros profesionales<\/p><p>\u2022 Asesoramiento en porteo ergon\u00f3mico<\/p><p>\u2022 Valoraci\u00f3n y acompa\u00f1amiento del neurodesarrollo del beb\u00e9.<\/p>\t\t\t\t\t\t\t\t<\/div>\n\t\t\t\t<div class=\"elementor-element elementor-element-49ea4020 elementor-align-center elementor-widget elementor-widget-button\" data-id=\"49ea4020\" data-element_type=\"widget\" data-e-type=\"widget\" data-widget_type=\"button.default\">\n\t\t\t\t\t\t\t\t\t\t<a class=\"elementor-button elementor-button-link elementor-size-sm\" href=\"\/fisioterapia-infantil\">\n\t\t\t\t\t\t<span class=\"elementor-button-content-wrapper\">\n\t\t\t\t\t\t\t\t\t<span class=\"elementor-button-text\">M\u00e1s informaci\u00f3n<\/span>\n\t\t\t\t\t<\/span>\n\t\t\t\t\t<\/a>\n\t\t\t\t\t\t\t\t<\/div>\n\t\t\t\t<\/div>\n\t\t<div class=\"elementor-element elementor-element-26141e15 e-con-full e-flex parallax_section_no qode_elementor_container_no e-con e-child\" data-id=\"26141e15\" data-element_type=\"container\" data-e-type=\"container\">\n\t\t\t\t<\/div>\n\t\t\t\t\t<\/div>\n\t\t\t\t<\/div>\n\t\t<div class=\"elementor-element elementor-element-4592d1e e-flex e-con-boxed parallax_section_no qode_elementor_container_no e-con e-parent\" data-id=\"4592d1e\" data-element_type=\"container\" data-e-type=\"container\">\n\t\t\t\t\t<div class=\"e-con-inner\">\n\t\t<div class=\"elementor-element elementor-element-6a1a8ea e-con-full e-flex parallax_section_no qode_elementor_container_no e-con e-child\" data-id=\"6a1a8ea\" data-element_type=\"container\" data-e-type=\"container\">\n\t\t\t\t<\/div>\n\t\t<div class=\"elementor-element elementor-element-fa50425 e-con-full e-flex parallax_section_no qode_elementor_container_no e-con e-child\" data-id=\"fa50425\" data-element_type=\"container\" data-e-type=\"container\">\n\t\t\t\t<div class=\"elementor-element elementor-element-15547ef elementor-widget elementor-widget-heading\" data-id=\"15547ef\" data-element_type=\"widget\" data-e-type=\"widget\" data-widget_type=\"heading.default\">\n\t\t\t\t\t<h2 class=\"elementor-heading-title elementor-size-default\">Pida cita<\/h2>\t\t\t\t<\/div>\n\t\t\t\t<div class=\"elementor-element elementor-element-3ab81ca elementor-widget elementor-widget-qi_addons_for_elementor_contact_form_7\" data-id=\"3ab81ca\" data-element_type=\"widget\" data-e-type=\"widget\" data-widget_type=\"qi_addons_for_elementor_contact_form_7.default\">\n\t\t\t\t<div class=\"elementor-widget-container\">\n\t\t\t\t\t<div class=\"qodef-shortcode qodef-m qodef-qi-contact-form-7\">\n\t\n<div class=\"wpcf7 no-js\" id=\"wpcf7-f1196-o1\" lang=\"es-ES\" dir=\"ltr\" data-wpcf7-id=\"1196\">\n<div class=\"screen-reader-response\"><p role=\"status\" aria-live=\"polite\" aria-atomic=\"true\"><\/p> <ul><\/ul><\/div>\n<form action=\"\/es\/wp-json\/wp\/v2\/pages\/1137#wpcf7-f1196-o1\" method=\"post\" class=\"wpcf7-form init\" aria-label=\"Formulario de contacto\" novalidate=\"novalidate\" data-status=\"init\">\n<fieldset class=\"hidden-fields-container\"><input type=\"hidden\" name=\"_wpcf7\" value=\"1196\" \/><input type=\"hidden\" name=\"_wpcf7_version\" value=\"6.1.5\" \/><input type=\"hidden\" name=\"_wpcf7_locale\" value=\"es_ES\" \/><input type=\"hidden\" name=\"_wpcf7_unit_tag\" value=\"wpcf7-f1196-o1\" \/><input type=\"hidden\" name=\"_wpcf7_container_post\" value=\"0\" \/><input type=\"hidden\" name=\"_wpcf7_posted_data_hash\" value=\"\" \/>\n<\/fieldset>\n<div><span class=\"wpcf7-form-control-wrap\" data-name=\"first-name\"><input size=\"40\" maxlength=\"400\" class=\"wpcf7-form-control wpcf7-text wpcf7-validates-as-required\" aria-required=\"true\" aria-invalid=\"false\" placeholder=\"Su nombre\" value=\"\" type=\"text\" name=\"first-name\" \/><\/span><\/div>\n<div><span class=\"wpcf7-form-control-wrap\" data-name=\"email\"><input size=\"40\" maxlength=\"400\" class=\"wpcf7-form-control wpcf7-email wpcf7-validates-as-required wpcf7-text wpcf7-validates-as-email\" aria-required=\"true\" aria-invalid=\"false\" placeholder=\"Su correo electr\u00f3nico\" value=\"\" type=\"email\" name=\"email\" \/><\/span><\/div>\n<div><span class=\"wpcf7-form-control-wrap\" data-name=\"movil\"><input size=\"40\" maxlength=\"400\" class=\"wpcf7-form-control wpcf7-tel wpcf7-validates-as-required wpcf7-text wpcf7-validates-as-tel\" aria-required=\"true\" aria-invalid=\"false\" placeholder=\"Su m\u00f3vil\" value=\"\" type=\"tel\" name=\"movil\" \/><\/span><\/div>\n<div><span class=\"wpcf7-form-control-wrap\" data-name=\"acceptance-322\"><span class=\"wpcf7-form-control wpcf7-acceptance\"><span class=\"wpcf7-list-item\"><label><input type=\"checkbox\" name=\"acceptance-322\" value=\"1\" aria-invalid=\"false\" \/><span class=\"wpcf7-list-item-label\">He le\u00eddo y acepto la <a href=\"https:\/\/moomas.es\/politica-de-privacitat\/\">Pol\u00edtica de Privacidad<\/a><\/span><\/label><\/span><\/span><\/span><\/div>\n<div><input class=\"wpcf7-form-control wpcf7-submit has-spinner\" type=\"submit\" value=\"Enviar\" \/><\/div><p style=\"display: none !important;\" class=\"akismet-fields-container\" data-prefix=\"_wpcf7_ak_\"><label>&#916;<textarea name=\"_wpcf7_ak_hp_textarea\" cols=\"45\" rows=\"8\" maxlength=\"100\"><\/textarea><\/label><input type=\"hidden\" id=\"ak_js_1\" name=\"_wpcf7_ak_js\" value=\"40\"\/><script>document.getElementById( \"ak_js_1\" ).setAttribute( \"value\", ( new Date() ).getTime() );<\/script><\/p><div class=\"wpcf7-response-output\" aria-hidden=\"true\"><\/div>\n<\/form>\n<\/div>\n<\/div>\n\t\t\t\t<\/div>\n\t\t\t\t<\/div>\n\t\t\t\t<\/div>\n\t\t<div class=\"elementor-element elementor-element-87ee1fe e-con-full e-flex parallax_section_no qode_elementor_container_no e-con e-child\" data-id=\"87ee1fe\" data-element_type=\"container\" data-e-type=\"container\">\n\t\t\t\t<\/div>\n\t\t\t\t\t<\/div>\n\t\t\t\t<\/div>\n\t\t\t\t<\/div>\n\t\t","protected":false},"excerpt":{"rendered":"<p>Servicios Consultor\u00edas de Lactancia Acompa\u00f1amiento de todas las lactancias (materna, mixta y artificial) \u2022 T\u00e9cnicas de lactancia \u2022 Dificultades y problemas en la lactancia \u2022 Dolor durante la toma \u2022 Estancamiento o ganancia insuficiente de peso del beb\u00e9 \u2022 Dificultades en la producci\u00f3n de leche&#8230;<\/p>\n","protected":false},"author":1,"featured_media":0,"parent":0,"menu_order":0,"comment_status":"closed","ping_status":"closed","template":"","meta":{"_joinchat":[],"footnotes":""},"class_list":["post-1137","page","type-page","status-publish","hentry"],"_links":{"self":[{"href":"https:\/\/moomas.es\/es\/wp-json\/wp\/v2\/pages\/1137","targetHints":{"allow":["GET"]}}],"collection":[{"href":"https:\/\/moomas.es\/es\/wp-json\/wp\/v2\/pages"}],"about":[{"href":"https:\/\/moomas.es\/es\/wp-json\/wp\/v2\/types\/page"}],"author":[{"embeddable":true,"href":"https:\/\/moomas.es\/es\/wp-json\/wp\/v2\/users\/1"}],"replies":[{"embeddable":true,"href":"https:\/\/moomas.es\/es\/wp-json\/wp\/v2\/comments?post=1137"}],"version-history":[{"count":5,"href":"https:\/\/moomas.es\/es\/wp-json\/wp\/v2\/pages\/1137\/revisions"}],"predecessor-version":[{"id":1202,"href":"https:\/\/moomas.es\/es\/wp-json\/wp\/v2\/pages\/1137\/revisions\/1202"}],"wp:attachment":[{"href":"https:\/\/moomas.es\/es\/wp-json\/wp\/v2\/media?parent=1137"}],"curies":[{"name":"wp","href":"https:\/\/api.w.org\/{rel}","templated":true}]}}