{"id":1163,"date":"2026-01-31T20:26:16","date_gmt":"2026-01-31T19:26:16","guid":{"rendered":"https:\/\/moomas.es\/servicios\/consultorias-del-sueno\/"},"modified":"2026-02-21T14:42:42","modified_gmt":"2026-02-21T13:42:42","slug":"consultorias-del-sueno","status":"publish","type":"page","link":"https:\/\/moomas.es\/es\/servicios\/consultorias-del-sueno\/","title":{"rendered":"Consultor\u00edas del Sue\u00f1o"},"content":{"rendered":"\t\t<div data-elementor-type=\"wp-page\" data-elementor-id=\"1163\" class=\"elementor elementor-1163 elementor-491\" data-elementor-post-type=\"page\">\n\t\t\t\t<div class=\"elementor-element elementor-element-aea8d05 e-flex e-con-boxed parallax_section_no qode_elementor_container_no e-con e-parent\" data-id=\"aea8d05\" data-element_type=\"container\" data-e-type=\"container\">\n\t\t\t\t\t<div class=\"e-con-inner\">\n\t\t<div class=\"elementor-element elementor-element-0441a85 e-con-full e-flex parallax_section_no qode_elementor_container_no e-con e-child\" data-id=\"0441a85\" data-element_type=\"container\" data-e-type=\"container\">\n\t\t<div class=\"elementor-element elementor-element-5d1d30f e-con-full e-flex parallax_section_no qode_elementor_container_no e-con e-child\" data-id=\"5d1d30f\" data-element_type=\"container\" data-e-type=\"container\">\n\t\t\t\t<div class=\"elementor-element elementor-element-cba1729 elementor-widget elementor-widget-heading\" data-id=\"cba1729\" data-element_type=\"widget\" data-e-type=\"widget\" data-widget_type=\"heading.default\">\n\t\t\t\t\t<h2 class=\"elementor-heading-title elementor-size-default\">Acompa\u00f1amiento en Sue\u00f1o Infantil<\/h2>\t\t\t\t<\/div>\n\t\t\t\t<div class=\"elementor-element elementor-element-3970ba5 elementor-widget elementor-widget-text-editor\" data-id=\"3970ba5\" data-element_type=\"widget\" data-e-type=\"widget\" data-widget_type=\"text-editor.default\">\n\t\t\t\t\t\t\t\t\t<p>Ofrecemos asesoramiento especializado y acompa\u00f1amiento respetuoso en el \u00e1mbito del sue\u00f1o, basado en la evidencia cient\u00edfica y adaptado a las necesidades de cada etapa vital del beb\u00e9, ni\u00f1o y familia.<\/p><p> <\/p><h3><strong>Consulta de sue\u00f1o pedi\u00e1trico<\/strong><\/h3><ul><li>Entrevista cl\u00ednica para detectar sintomatolog\u00eda compatible con posibles trastornos del sue\u00f1o y, en su caso, derivaci\u00f3n al profesional espec\u00edfico correspondiente (pediatr\u00eda, otorrinolaringolog\u00eda, fisioterapia, entre otros).<\/li><li>Valoraci\u00f3n del contexto familiar y de las dificultades relacionadas con el sue\u00f1o.<\/li><li>Educaci\u00f3n sobre la presi\u00f3n de sue\u00f1o, el reconocimiento de las se\u00f1ales de sue\u00f1o y las necesidades de sue\u00f1o diurno y nocturno seg\u00fan la edad.<br>Identificaci\u00f3n de los factores modificables que pueden interferir en el sue\u00f1o (crononutrici\u00f3n, rutinas, ambiente y v\u00ednculo).<\/li><li>Abordaje mediante estrategias personalizadas, adaptadas a la realidad y necesidades de cada familia.<\/li><li>En caso de seguimiento, realizaci\u00f3n y valoraci\u00f3n de un registro de sue\u00f1o para profundizar en las necesidades espec\u00edficas y ajustar la intervenci\u00f3n.<br>Acompa\u00f1amiento a familias con hijos\/as neurot\u00edpicos y tambi\u00e9n con neurodiversidad (TEA, TDAH, etc).<\/li><\/ul><h3> <\/h3><h3><strong>Consulta de sue\u00f1o prenatal<\/strong><\/h3><ul><li>Acompa\u00f1amiento en el sue\u00f1o de la mujer embarazada o en proceso de b\u00fasqueda de embarazo.<br>Abordaje con estrategias personalizadas seg\u00fan las necesidades individuales.<\/li><li>En caso de seguimiento, elaboraci\u00f3n y an\u00e1lisis de un registro de sue\u00f1o para identificar patrones y necesidades espec\u00edficas.<\/li><li>Preparaci\u00f3n para la llegada del beb\u00e9 y ajuste de expectativas realistas respecto al sue\u00f1o infantil.<\/li><\/ul>\t\t\t\t\t\t\t\t<\/div>\n\t\t\t\t<\/div>\n\t\t\t\t<\/div>\n\t\t<div class=\"elementor-element elementor-element-4ffcadf e-con-full e-flex parallax_section_no qode_elementor_container_no e-con e-child\" data-id=\"4ffcadf\" data-element_type=\"container\" data-e-type=\"container\">\n\t\t\t\t<div class=\"elementor-element elementor-element-d632db3 elementor-widget elementor-widget-image\" data-id=\"d632db3\" data-element_type=\"widget\" data-e-type=\"widget\" data-widget_type=\"image.default\">\n\t\t\t\t\t\t\t\t\t\t\t\t\t\t\t<img fetchpriority=\"high\" decoding=\"async\" width=\"819\" height=\"1024\" src=\"https:\/\/moomas.es\/wp-content\/uploads\/2026\/02\/SON-INFANTIL-819x1024.jpg\" class=\"attachment-large size-large wp-image-1165\" alt=\"\" srcset=\"https:\/\/moomas.es\/wp-content\/uploads\/2026\/02\/SON-INFANTIL-819x1024.jpg 819w, https:\/\/moomas.es\/wp-content\/uploads\/2026\/02\/SON-INFANTIL-240x300.jpg 240w, https:\/\/moomas.es\/wp-content\/uploads\/2026\/02\/SON-INFANTIL-768x960.jpg 768w, https:\/\/moomas.es\/wp-content\/uploads\/2026\/02\/SON-INFANTIL-700x875.jpg 700w, https:\/\/moomas.es\/wp-content\/uploads\/2026\/02\/SON-INFANTIL.jpg 960w\" sizes=\"(max-width: 819px) 100vw, 819px\" \/>\t\t\t\t\t\t\t\t\t\t\t\t\t\t\t<\/div>\n\t\t\t\t<\/div>\n\t\t\t\t\t<\/div>\n\t\t\t\t<\/div>\n\t\t<div class=\"elementor-element elementor-element-dafb5f7 e-flex e-con-boxed parallax_section_no qode_elementor_container_no e-con e-parent\" data-id=\"dafb5f7\" data-element_type=\"container\" data-e-type=\"container\">\n\t\t\t\t\t<div class=\"e-con-inner\">\n\t\t\t\t<div class=\"elementor-element elementor-element-304a166 elementor-widget elementor-widget-heading\" data-id=\"304a166\" data-element_type=\"widget\" data-e-type=\"widget\" data-widget_type=\"heading.default\">\n\t\t\t\t\t<h2 class=\"elementor-heading-title elementor-size-default\">Equipo especializado en sue\u00f1o infantil<\/h2>\t\t\t\t<\/div>\n\t\t\t\t\t<\/div>\n\t\t\t\t<\/div>\n\t\t<div class=\"elementor-element elementor-element-18559e2 e-flex e-con-boxed parallax_section_no qode_elementor_container_no e-con e-parent\" data-id=\"18559e2\" data-element_type=\"container\" data-e-type=\"container\">\n\t\t\t\t\t<div class=\"e-con-inner\">\n\t\t<div class=\"elementor-element elementor-element-d6410f0 e-con-full e-flex parallax_section_no qode_elementor_container_no e-con e-child\" data-id=\"d6410f0\" data-element_type=\"container\" data-e-type=\"container\">\n\t\t\t\t<\/div>\n\t\t<div class=\"elementor-element elementor-element-1c15bc6 e-con-full e-flex parallax_section_no qode_elementor_container_no e-con e-child\" data-id=\"1c15bc6\" data-element_type=\"container\" data-e-type=\"container\">\n\t\t<div class=\"elementor-element elementor-element-25cbad7 e-con-full e-flex parallax_section_no qode_elementor_container_no e-con e-child\" data-id=\"25cbad7\" data-element_type=\"container\" data-e-type=\"container\">\n\t\t\t\t<div class=\"elementor-element elementor-element-d8b4564 elementor-widget elementor-widget-bridge_team\" data-id=\"d8b4564\" data-element_type=\"widget\" data-e-type=\"widget\" data-widget_type=\"bridge_team.default\">\n\t\t\t\t<div class=\"elementor-widget-container\">\n\t\t\t\t\t<div class='q_team info_description_below_image'><div class='q_team_inner'><div class='q_team_image'><div class='q_team_image_holder'><img decoding=\"async\" itemprop=\"image\" src=\"https:\/\/moomas.es\/wp-content\/uploads\/2026\/02\/MOOMAS_Nadia_01.jpg\" alt=\"MOOMAS_Nadia_01\" \/><\/div><div class='q_team_text' ><div class='q_team_text_inner'><div class='q_team_title_holder'><h3 class=\"q_team_name\" >Nadia Rojas<\/h3><span >Enfermera cl\u00ednica (Col. 63013)<\/span><\/div><div class='separator small center' ><\/div><div class='q_team_description_below_image_wrapper'><div class='q_team_description'><div class='q_team_description_inner'><p>Acompa\u00f1amiento respetuoso del sue\u00f1o pedi\u00e1trico.<br>Acompa\u00f1amiento a familias con hijos\/as neurot\u00edpicos y tambi\u00e9n con neurodiversidad (TEA, TDAH, etc).<br>Visitas a domicilio\/ online \/ grupos de madres y padres.<br>Catal\u00e1n, castellano e ingl\u00e9s.<\/p><\/div><\/div><\/div><\/div><\/div><div class='q_team_social_holder'><\/div><\/div><\/div><\/div>\t\t\t\t<\/div>\n\t\t\t\t<\/div>\n\t\t\t\t<div class=\"elementor-element elementor-element-995a8dc elementor-widget elementor-widget-n-accordion\" data-id=\"995a8dc\" data-element_type=\"widget\" data-e-type=\"widget\" data-settings=\"{&quot;default_state&quot;:&quot;all_collapsed&quot;,&quot;max_items_expended&quot;:&quot;one&quot;,&quot;n_accordion_animation_duration&quot;:{&quot;unit&quot;:&quot;ms&quot;,&quot;size&quot;:400,&quot;sizes&quot;:[]}}\" data-widget_type=\"nested-accordion.default\">\n\t\t\t\t\t\t\t<div class=\"e-n-accordion\" aria-label=\"Accordion. Open links with Enter or Space, close with Escape, and navigate with Arrow Keys\">\n\t\t\t\t\t\t<details id=\"e-n-accordion-item-1600\" class=\"e-n-accordion-item\" >\n\t\t\t\t<summary class=\"e-n-accordion-item-title\" data-accordion-index=\"1\" tabindex=\"0\" aria-expanded=\"false\" aria-controls=\"e-n-accordion-item-1600\" >\n\t\t\t\t\t<span class='e-n-accordion-item-title-header'><div class=\"e-n-accordion-item-title-text\"> Mi formaci\u00f3n y experiencia profesional <\/div><\/span>\n\t\t\t\t\t\t\t<span class='e-n-accordion-item-title-icon'>\n\t\t\t<span class='e-opened' ><svg aria-hidden=\"true\" class=\"e-font-icon-svg e-fas-minus\" viewBox=\"0 0 448 512\" xmlns=\"http:\/\/www.w3.org\/2000\/svg\"><path d=\"M416 208H32c-17.67 0-32 14.33-32 32v32c0 17.67 14.33 32 32 32h384c17.67 0 32-14.33 32-32v-32c0-17.67-14.33-32-32-32z\"><\/path><\/svg><\/span>\n\t\t\t<span class='e-closed'><svg aria-hidden=\"true\" class=\"e-font-icon-svg e-fas-plus\" viewBox=\"0 0 448 512\" xmlns=\"http:\/\/www.w3.org\/2000\/svg\"><path d=\"M416 208H272V64c0-17.67-14.33-32-32-32h-32c-17.67 0-32 14.33-32 32v144H32c-17.67 0-32 14.33-32 32v32c0 17.67 14.33 32 32 32h144v144c0 17.67 14.33 32 32 32h32c17.67 0 32-14.33 32-32V304h144c17.67 0 32-14.33 32-32v-32c0-17.67-14.33-32-32-32z\"><\/path><\/svg><\/span>\n\t\t<\/span>\n\n\t\t\t\t\t\t<\/summary>\n\t\t\t\t<div role=\"region\" aria-labelledby=\"e-n-accordion-item-1600\" class=\"elementor-element elementor-element-609e0be e-con-full e-flex parallax_section_no qode_elementor_container_no e-con e-child\" data-id=\"609e0be\" data-element_type=\"container\" data-e-type=\"container\">\n\t\t<div role=\"region\" aria-labelledby=\"e-n-accordion-item-1600\" class=\"elementor-element elementor-element-28979a2 e-flex e-con-boxed parallax_section_no qode_elementor_container_no e-con e-child\" data-id=\"28979a2\" data-element_type=\"container\" data-e-type=\"container\">\n\t\t\t\t\t<div class=\"e-con-inner\">\n\t\t\t\t<div class=\"elementor-element elementor-element-793c066 elementor-widget elementor-widget-text-editor\" data-id=\"793c066\" data-element_type=\"widget\" data-e-type=\"widget\" data-widget_type=\"text-editor.default\">\n\t\t\t\t\t\t\t\t\t<ul><li style=\"font-weight: 400;\" aria-level=\"1\"><span style=\"font-weight: 400;\">Enfermera en la unidad del sue\u00f1o pedi\u00e1trico del Hospital Sant Joan de D\u00e9u de Barcelona (actualidad)<\/span><\/li><li style=\"font-weight: 400;\" aria-level=\"1\"><span style=\"font-weight: 400;\">Enfermera en el \u00e1rea neonatal y obst\u00e9trica en el Hospital Cl\u00ednic de Barcelona (2017-2025)<\/span><\/li><li style=\"font-weight: 400;\" aria-level=\"1\"><span style=\"font-weight: 400;\">Enfermera de investigaci\u00f3n IDIBAPS, Fundaci\u00f3n HSJD y Fundaci\u00f3n Cl\u00ednic (2017-2020)<\/span><\/li><li style=\"font-weight: 400;\" aria-level=\"1\"><span style=\"font-weight: 400;\">Enfermera en el \u00e1rea neonatal en el Hospital Vestre Viken, Noruega (2019)<\/span><\/li><li style=\"font-weight: 400;\" aria-level=\"1\"><span style=\"font-weight: 400;\">Formaci\u00f3n te\u00f3rico-pr\u00e1ctica en medicina del sue\u00f1o, Sociedad Espa\u00f1ola de Neumolog\u00eda y Cirug\u00eda Tor\u00e1cica y la Sociedad Espa\u00f1ola del Sue\u00f1o<\/span><\/li><li style=\"font-weight: 400;\" aria-level=\"1\"><span style=\"font-weight: 400;\">Experto universitario en sue\u00f1o pedi\u00e1trico en la pr\u00e1ctica cl\u00ednica, ISNUT (2024) <\/span><\/li><li style=\"font-weight: 400;\" aria-level=\"1\"><span style=\"font-weight: 400;\">M\u00e1ster de enfermer\u00eda escolar, ESHE (2023-2024) <\/span><\/li><li style=\"font-weight: 400;\" aria-level=\"1\"><span style=\"font-weight: 400;\">Formaci\u00f3n en la neurociencia del sue\u00f1o infantil y sus implicaciones en la pr\u00e1ctica y atenci\u00f3n a las familias, CESI (2021)<\/span><\/li><li style=\"font-weight: 400;\" aria-level=\"1\"><span style=\"font-weight: 400;\">M\u00e1ster universitario en Promoci\u00f3n de la Salud, Universidad de Girona (2020-2021)<\/span><\/li><\/ul>\t\t\t\t\t\t\t\t<\/div>\n\t\t\t\t\t<\/div>\n\t\t\t\t<\/div>\n\t\t\t\t<\/div>\n\t\t\t\t\t<\/details>\n\t\t\t\t\t\t<details id=\"e-n-accordion-item-1601\" class=\"e-n-accordion-item\" >\n\t\t\t\t<summary class=\"e-n-accordion-item-title\" data-accordion-index=\"2\" tabindex=\"-1\" aria-expanded=\"false\" aria-controls=\"e-n-accordion-item-1601\" >\n\t\t\t\t\t<span class='e-n-accordion-item-title-header'><div class=\"e-n-accordion-item-title-text\"> Si quiere saber m\u00e1s de m\u00ed <\/div><\/span>\n\t\t\t\t\t\t\t<span class='e-n-accordion-item-title-icon'>\n\t\t\t<span class='e-opened' ><svg aria-hidden=\"true\" class=\"e-font-icon-svg e-fas-minus\" viewBox=\"0 0 448 512\" xmlns=\"http:\/\/www.w3.org\/2000\/svg\"><path d=\"M416 208H32c-17.67 0-32 14.33-32 32v32c0 17.67 14.33 32 32 32h384c17.67 0 32-14.33 32-32v-32c0-17.67-14.33-32-32-32z\"><\/path><\/svg><\/span>\n\t\t\t<span class='e-closed'><svg aria-hidden=\"true\" class=\"e-font-icon-svg e-fas-plus\" viewBox=\"0 0 448 512\" xmlns=\"http:\/\/www.w3.org\/2000\/svg\"><path d=\"M416 208H272V64c0-17.67-14.33-32-32-32h-32c-17.67 0-32 14.33-32 32v144H32c-17.67 0-32 14.33-32 32v32c0 17.67 14.33 32 32 32h144v144c0 17.67 14.33 32 32 32h32c17.67 0 32-14.33 32-32V304h144c17.67 0 32-14.33 32-32v-32c0-17.67-14.33-32-32-32z\"><\/path><\/svg><\/span>\n\t\t<\/span>\n\n\t\t\t\t\t\t<\/summary>\n\t\t\t\t<div role=\"region\" aria-labelledby=\"e-n-accordion-item-1601\" class=\"elementor-element elementor-element-6e98af2 e-con-full e-flex parallax_section_no qode_elementor_container_no e-con e-child\" data-id=\"6e98af2\" data-element_type=\"container\" data-e-type=\"container\">\n\t\t<div role=\"region\" aria-labelledby=\"e-n-accordion-item-1601\" class=\"elementor-element elementor-element-6cd0d1c e-flex e-con-boxed parallax_section_no qode_elementor_container_no e-con e-child\" data-id=\"6cd0d1c\" data-element_type=\"container\" data-e-type=\"container\">\n\t\t\t\t\t<div class=\"e-con-inner\">\n\t\t\t\t<div class=\"elementor-element elementor-element-91d50d2 elementor-widget elementor-widget-text-editor\" data-id=\"91d50d2\" data-element_type=\"widget\" data-e-type=\"widget\" data-widget_type=\"text-editor.default\">\n\t\t\t\t\t\t\t\t\t<p><span style=\"font-weight: 400;\">Soy Nadia, soy de Barcelona. Soy enfermera y consultora de sue\u00f1o infantil, y tambi\u00e9n madre de Nora y V\u00edctor. <\/span><\/p><p><span style=\"font-weight: 400;\">Durante los a\u00f1os que trabaj\u00e9 como enfermera en neonatos y obstetricia, pude vivir de cerca la intensidad y la transformaci\u00f3n que supone la maternidad. Aquella experiencia me hizo entender que quer\u00eda estar al lado de las familias, ofreciendo un acompa\u00f1amiento respetuoso, sin juicios, que integrara sensibilidad y evidencia. <\/span><\/p><p><span style=\"font-weight: 400;\">Como profesional, creo en la importancia de estar cerca, de escuchar y adaptarme a la realidad de cada familia, poniendo siempre en el centro las necesidades de cada ni\u00f1o y familia. Mis consultas no tienen como objetivo \u201cense\u00f1ar a dormir\u201d, sino acompa\u00f1ar el proceso natural del sue\u00f1o, creando las condiciones adecuadas para que el descanso de la familia sea saludable y arm\u00f3nico. Acompa\u00f1o a cada familia, desde el respeto y la cercan\u00eda, reconociendo vuestra singularidad y aquello que os hace \u00fanicos, y ayud\u00e1ndoos a disfrutar de la crianza con seguridad, confianza y serenidad.  <\/span><\/p>\t\t\t\t\t\t\t\t<\/div>\n\t\t\t\t\t<\/div>\n\t\t\t\t<\/div>\n\t\t\t\t<\/div>\n\t\t\t\t\t<\/details>\n\t\t\t\t\t\t<details id=\"e-n-accordion-item-1602\" class=\"e-n-accordion-item\" >\n\t\t\t\t<summary class=\"e-n-accordion-item-title\" data-accordion-index=\"3\" tabindex=\"-1\" aria-expanded=\"false\" aria-controls=\"e-n-accordion-item-1602\" >\n\t\t\t\t\t<span class='e-n-accordion-item-title-header'><div class=\"e-n-accordion-item-title-text\"> Precios <\/div><\/span>\n\t\t\t\t\t\t\t<span class='e-n-accordion-item-title-icon'>\n\t\t\t<span class='e-opened' ><svg aria-hidden=\"true\" class=\"e-font-icon-svg e-fas-minus\" viewBox=\"0 0 448 512\" xmlns=\"http:\/\/www.w3.org\/2000\/svg\"><path d=\"M416 208H32c-17.67 0-32 14.33-32 32v32c0 17.67 14.33 32 32 32h384c17.67 0 32-14.33 32-32v-32c0-17.67-14.33-32-32-32z\"><\/path><\/svg><\/span>\n\t\t\t<span class='e-closed'><svg aria-hidden=\"true\" class=\"e-font-icon-svg e-fas-plus\" viewBox=\"0 0 448 512\" xmlns=\"http:\/\/www.w3.org\/2000\/svg\"><path d=\"M416 208H272V64c0-17.67-14.33-32-32-32h-32c-17.67 0-32 14.33-32 32v144H32c-17.67 0-32 14.33-32 32v32c0 17.67 14.33 32 32 32h144v144c0 17.67 14.33 32 32 32h32c17.67 0 32-14.33 32-32V304h144c17.67 0 32-14.33 32-32v-32c0-17.67-14.33-32-32-32z\"><\/path><\/svg><\/span>\n\t\t<\/span>\n\n\t\t\t\t\t\t<\/summary>\n\t\t\t\t<div role=\"region\" aria-labelledby=\"e-n-accordion-item-1602\" class=\"elementor-element elementor-element-e15bfe0 e-con-full e-flex parallax_section_no qode_elementor_container_no e-con e-child\" data-id=\"e15bfe0\" data-element_type=\"container\" data-e-type=\"container\">\n\t\t<div role=\"region\" aria-labelledby=\"e-n-accordion-item-1602\" class=\"elementor-element elementor-element-bac289e e-flex e-con-boxed parallax_section_no qode_elementor_container_no e-con e-child\" data-id=\"bac289e\" data-element_type=\"container\" data-e-type=\"container\">\n\t\t\t\t\t<div class=\"e-con-inner\">\n\t\t\t\t<div class=\"elementor-element elementor-element-3f557e4 elementor-widget elementor-widget-text-editor\" data-id=\"3f557e4\" data-element_type=\"widget\" data-e-type=\"widget\" data-widget_type=\"text-editor.default\">\n\t\t\t\t\t\t\t\t\t<p>\u25cf Primera visita online: 120\u20ac (duraci\u00f3n 90 minutos)<br>\u25cf Primera visita a domicilio: 240\u20ac (duraci\u00f3n 90 minutos)<br>\u25cf Visita de seguimiento online: 70\u20ac (duraci\u00f3n 45 minutos)<br>\u25cf Pack 2 visitas online: 180\u20ac (duraci\u00f3n 90 minutos\/45 minutos)<br>\u25cf Pack 2 visitas primera a domicilio + seguimiento online: 294\u20ac (duraci\u00f3n 90 minutos\/45 minutos)<\/p>\t\t\t\t\t\t\t\t<\/div>\n\t\t\t\t\t<\/div>\n\t\t\t\t<\/div>\n\t\t\t\t<\/div>\n\t\t\t\t\t<\/details>\n\t\t\t\t\t<\/div>\n\t\t\t\t\t\t<\/div>\n\t\t\t\t<\/div>\n\t\t\t\t<\/div>\n\t\t<div class=\"elementor-element elementor-element-cba12ce e-con-full e-flex parallax_section_no qode_elementor_container_no e-con e-child\" data-id=\"cba12ce\" data-element_type=\"container\" data-e-type=\"container\">\n\t\t\t\t<\/div>\n\t\t\t\t\t<\/div>\n\t\t\t\t<\/div>\n\t\t<div class=\"elementor-element elementor-element-35f1df45 e-flex e-con-boxed parallax_section_no qode_elementor_container_no e-con e-parent\" data-id=\"35f1df45\" data-element_type=\"container\" data-e-type=\"container\">\n\t\t\t\t\t<div class=\"e-con-inner\">\n\t\t<div class=\"elementor-element elementor-element-201a1f08 e-con-full e-flex parallax_section_no qode_elementor_container_no e-con e-child\" data-id=\"201a1f08\" data-element_type=\"container\" data-e-type=\"container\">\n\t\t\t\t<div class=\"elementor-element elementor-element-2987a208 elementor-widget elementor-widget-heading\" data-id=\"2987a208\" data-element_type=\"widget\" data-e-type=\"widget\" data-widget_type=\"heading.default\">\n\t\t\t\t\t<h2 class=\"elementor-heading-title elementor-size-default\">Pedir cita<\/h2>\t\t\t\t<\/div>\n\t\t\t\t<div class=\"elementor-element elementor-element-2c1219b7 elementor-widget elementor-widget-google_maps\" data-id=\"2c1219b7\" data-element_type=\"widget\" data-e-type=\"widget\" data-widget_type=\"google_maps.default\">\n\t\t\t\t\t\t\t<div class=\"elementor-custom-embed\">\n\t\t\t<iframe loading=\"lazy\"\n\t\t\t\t\tsrc=\"https:\/\/maps.google.com\/maps?q=Roger%20de%20Ll%C3%BAria%20110%2C%20Barcelona%20%2808037%29&#038;t=m&#038;z=13&#038;output=embed&#038;iwloc=near\"\n\t\t\t\t\ttitle=\"Roger de Ll\u00faria 110, Barcelona (08037)\"\n\t\t\t\t\taria-label=\"Roger de Ll\u00faria 110, Barcelona (08037)\"\n\t\t\t><\/iframe>\n\t\t<\/div>\n\t\t\t\t\t\t<\/div>\n\t\t\t\t<\/div>\n\t\t<div class=\"elementor-element elementor-element-2a34f568 e-con-full e-flex parallax_section_no qode_elementor_container_no e-con e-child\" data-id=\"2a34f568\" data-element_type=\"container\" data-e-type=\"container\">\n\t\t\t\t<div class=\"elementor-element elementor-element-4e0fff78 elementor-widget elementor-widget-qi_addons_for_elementor_contact_form_7\" data-id=\"4e0fff78\" data-element_type=\"widget\" data-e-type=\"widget\" data-widget_type=\"qi_addons_for_elementor_contact_form_7.default\">\n\t\t\t\t<div class=\"elementor-widget-container\">\n\t\t\t\t\t<div class=\"qodef-shortcode qodef-m qodef-qi-contact-form-7\">\n\t\n<div class=\"wpcf7 no-js\" id=\"wpcf7-f1212-o1\" lang=\"es-ES\" dir=\"ltr\" data-wpcf7-id=\"1212\">\n<div class=\"screen-reader-response\"><p role=\"status\" aria-live=\"polite\" aria-atomic=\"true\"><\/p> <ul><\/ul><\/div>\n<form action=\"\/es\/wp-json\/wp\/v2\/pages\/1163#wpcf7-f1212-o1\" method=\"post\" class=\"wpcf7-form init\" aria-label=\"Formulario de contacto\" novalidate=\"novalidate\" data-status=\"init\">\n<fieldset class=\"hidden-fields-container\"><input type=\"hidden\" name=\"_wpcf7\" value=\"1212\" \/><input type=\"hidden\" name=\"_wpcf7_version\" value=\"6.1.5\" \/><input type=\"hidden\" name=\"_wpcf7_locale\" value=\"es_ES\" \/><input type=\"hidden\" name=\"_wpcf7_unit_tag\" value=\"wpcf7-f1212-o1\" \/><input type=\"hidden\" name=\"_wpcf7_container_post\" value=\"0\" \/><input type=\"hidden\" name=\"_wpcf7_posted_data_hash\" value=\"\" \/>\n<\/fieldset>\n<div><span class=\"wpcf7-form-control-wrap\" data-name=\"first-name\"><input size=\"40\" maxlength=\"400\" class=\"wpcf7-form-control wpcf7-text wpcf7-validates-as-required\" aria-required=\"true\" aria-invalid=\"false\" placeholder=\"Su nombre\" value=\"\" type=\"text\" name=\"first-name\" \/><\/span><\/div>\n<div><span class=\"wpcf7-form-control-wrap\" data-name=\"email\"><input size=\"40\" maxlength=\"400\" class=\"wpcf7-form-control wpcf7-email wpcf7-validates-as-required wpcf7-text wpcf7-validates-as-email\" aria-required=\"true\" aria-invalid=\"false\" placeholder=\"Su e-mail\" value=\"\" type=\"email\" name=\"email\" \/><\/span><\/div>\n<div><span class=\"wpcf7-form-control-wrap\" data-name=\"movil\"><input size=\"40\" maxlength=\"400\" class=\"wpcf7-form-control wpcf7-tel wpcf7-validates-as-required wpcf7-text wpcf7-validates-as-tel\" aria-required=\"true\" aria-invalid=\"false\" placeholder=\"Su m\u00f3vil\" value=\"\" type=\"tel\" name=\"movil\" \/><\/span><\/div>\n<div><span class=\"wpcf7-form-control-wrap\" data-name=\"menu\"><select class=\"wpcf7-form-control wpcf7-select wpcf7-validates-as-required\" aria-required=\"true\" aria-invalid=\"false\" name=\"menu\"><option value=\"\">\u00bfQu\u00e9 servicio necesita?<\/option><option value=\"Consultor\u00edas de Lactancia\">Consultor\u00edas de Lactancia<\/option><option value=\"Consultor\u00edas del Sue\u00f1o\">Consultor\u00edas del Sue\u00f1o<\/option><option value=\"Psicolog\u00eda y Psiquiatr\u00eda\">Psicolog\u00eda y Psiquiatr\u00eda<\/option><option value=\"Enfermer\u00eda Pedi\u00e1trica\">Enfermer\u00eda Pedi\u00e1trica<\/option><option value=\"Fisioterapia infantil\">Fisioterapia infantil<\/option><option value=\"Otros\">Otros<\/option><\/select><\/span><\/div>\n<div><span class=\"wpcf7-form-control-wrap\" data-name=\"your-message\"><textarea cols=\"40\" rows=\"10\" maxlength=\"2000\" class=\"wpcf7-form-control wpcf7-textarea\" aria-invalid=\"false\" placeholder=\"Su mensaje...\" name=\"your-message\"><\/textarea><\/span><\/div>\n<div><span class=\"wpcf7-form-control-wrap\" data-name=\"acceptance-322\"><span class=\"wpcf7-form-control wpcf7-acceptance\"><span class=\"wpcf7-list-item\"><label><input type=\"checkbox\" name=\"acceptance-322\" value=\"1\" aria-invalid=\"false\" \/><span class=\"wpcf7-list-item-label\">He le\u00eddo y acepto la <a href=\"https:\/\/moomas.es\/politica-de-privacitat\/\">Pol\u00edtica de Privacidad<\/a><\/span><\/label><\/span><\/span><\/span><\/div>\n<div><input class=\"wpcf7-form-control wpcf7-submit has-spinner\" type=\"submit\" value=\"Enviar\" \/><\/div><p style=\"display: none !important;\" class=\"akismet-fields-container\" data-prefix=\"_wpcf7_ak_\"><label>&#916;<textarea name=\"_wpcf7_ak_hp_textarea\" cols=\"45\" rows=\"8\" maxlength=\"100\"><\/textarea><\/label><input type=\"hidden\" id=\"ak_js_1\" name=\"_wpcf7_ak_js\" value=\"29\"\/><script>document.getElementById( \"ak_js_1\" ).setAttribute( \"value\", ( new Date() ).getTime() );<\/script><\/p><div class=\"wpcf7-response-output\" aria-hidden=\"true\"><\/div>\n<\/form>\n<\/div>\n<\/div>\n\t\t\t\t<\/div>\n\t\t\t\t<\/div>\n\t\t\t\t<\/div>\n\t\t\t\t\t<\/div>\n\t\t\t\t<\/div>\n\t\t\t\t<\/div>\n\t\t","protected":false},"excerpt":{"rendered":"<p>Acompa\u00f1amiento en Sue\u00f1o Infantil Ofrecemos asesoramiento especializado y acompa\u00f1amiento respetuoso en el \u00e1mbito del sue\u00f1o, basado en la evidencia cient\u00edfica y adaptado a las necesidades de cada etapa vital del beb\u00e9, ni\u00f1o y familia. Consulta de sue\u00f1o pedi\u00e1trico Entrevista cl\u00ednica para detectar sintomatolog\u00eda compatible con&#8230;<\/p>\n","protected":false},"author":1,"featured_media":0,"parent":1137,"menu_order":0,"comment_status":"closed","ping_status":"closed","template":"","meta":{"_joinchat":[],"footnotes":""},"class_list":["post-1163","page","type-page","status-publish","hentry"],"_links":{"self":[{"href":"https:\/\/moomas.es\/es\/wp-json\/wp\/v2\/pages\/1163","targetHints":{"allow":["GET"]}}],"collection":[{"href":"https:\/\/moomas.es\/es\/wp-json\/wp\/v2\/pages"}],"about":[{"href":"https:\/\/moomas.es\/es\/wp-json\/wp\/v2\/types\/page"}],"author":[{"embeddable":true,"href":"https:\/\/moomas.es\/es\/wp-json\/wp\/v2\/users\/1"}],"replies":[{"embeddable":true,"href":"https:\/\/moomas.es\/es\/wp-json\/wp\/v2\/comments?post=1163"}],"version-history":[{"count":2,"href":"https:\/\/moomas.es\/es\/wp-json\/wp\/v2\/pages\/1163\/revisions"}],"predecessor-version":[{"id":1168,"href":"https:\/\/moomas.es\/es\/wp-json\/wp\/v2\/pages\/1163\/revisions\/1168"}],"up":[{"embeddable":true,"href":"https:\/\/moomas.es\/es\/wp-json\/wp\/v2\/pages\/1137"}],"wp:attachment":[{"href":"https:\/\/moomas.es\/es\/wp-json\/wp\/v2\/media?parent=1163"}],"curies":[{"name":"wp","href":"https:\/\/api.w.org\/{rel}","templated":true}]}}